{"id":1303,"date":"2013-08-21T15:55:44","date_gmt":"2013-08-21T13:55:44","guid":{"rendered":"http:\/\/dieterbetztemp.lake-studio.de\/?page_id=1303"},"modified":"2024-08-12T19:15:19","modified_gmt":"2024-08-12T17:15:19","slug":"legal-details","status":"publish","type":"page","link":"https:\/\/dieterbetz.de\/en\/legal-details","title":{"rendered":"LEGAL DETAILS"},"content":{"rendered":"\n\t\t<section  class=\"content-section      mb-20-xs  \" >\n\n\t\t\t<div class=\"row   \">\n\n\t\t\t\t[vc_column][vc_column_text]\n<h1>Imprint<\/h1>\n[\/vc_column_text][\/vc_column]\n\t\t\t<\/div>\n\n\t\t\t\n\t\t\t\n\t\t\t\n\t\t\t\n\t\t<\/section>\n\n\t\n\t\t<section  class=\"content-section      mb-20-xs  \" >\n\n\t\t\t<div class=\"row   \">\n\n\t\t\t\t[vc_column][vc_column_text css=&#8221;&#8221;]\n<h1>Site Notice<\/h1>\n<p>Dieter Betz<br \/>\nDieter Betz \u2013 MASSATELIER M\u00dcNCHEN<br \/>\nMa\u00dfanz\u00fcge<br \/>\nHildegardstra\u00dfe 11<br \/>\n80539 M\u00fcnchen<\/p>\n<h2>Contact<\/h2>\n<p>Phone: 089 29168157<br \/>\nE-mail: <a href=\"&#109;&#x61;&#105;&#x6c;t&#111;&#x3a;&#109;&#x61;i&#x6c;&#64;&#100;&#x69;&#101;&#x74;e&#x72;&#x62;&#101;&#x74;z&#x2e;d&#101;\" rel=\"noopener\">&#x6d;&#97;&#x69;&#x6c;&#64;&#x64;&#x69;&#101;&#x74;&#x65;&#114;&#x62;&#x65;t&#x7a;&#x2e;d&#x65;<\/a><\/p>\n<h2>VAT ID<\/h2>\n<p>Sales tax identification number according to Sect. 27 a of the Sales Tax Law:<br \/>\nDE167391158<\/p>\n<h2>Person responsible for editorial<\/h2>\n<p>Dieter Betz \u2013 MASSATELIER M\u00dcNCHEN<br \/>\nMa\u00dfanz\u00fcge<br \/>\nHildegardstra\u00dfe 11<br \/>\nD-80539 M\u00fcnchen<\/p>\n<h2>EU dispute resolution<\/h2>\n<p>The European Commission provides a platform for online dispute resolution (ODR): <a href=\"https:\/\/ec.europa.eu\/consumers\/odr\/\" target=\"_blank\" rel=\"noopener noreferrer\">https:\/\/ec.europa.eu\/consumers\/odr\/<\/a>.<br \/>\nOur e-mail address can be found above in the site notice.<\/p>\n<h2>Dispute resolution proceedings in front of a consumer arbitration board<\/h2>\n<p>We are not willing or obliged to participate in dispute resolution proceedings in front of a consumer arbitration board.<\/p>\n<p>Made by <a title=\"WordPress M\u00fcnchen\" href=\"https:\/\/www.gedankenstube.de\" target=\"_blank\" rel=\"noopener noreferrer\">gedankenstube.de<\/a> &amp; <a title=\"WordPress Programmierer\" href=\"https:\/\/www.lake-studio.de\" target=\"_blank\" rel=\"noopener noreferrer\">lake-studio.de<\/a><br \/>\n[\/vc_column_text][\/vc_column]\n\t\t\t<\/div>\n\n\t\t\t\n\t\t\t\n\t\t\t\n\t\t\t\n\t\t<\/section>\n\n\t\n","protected":false},"excerpt":{"rendered":"[vc_column][vc_column_text] Imprint [\/vc_column_text][\/vc_column] [vc_column][vc_column_text css=\"\"] Site Notice Dieter Betz Dieter Betz \u2013 MASSATELIER M\u00dcNCHEN Ma\u00dfanz\u00fcge Hildegardstra\u00dfe 11 80539 M\u00fcnchen Contact Phone: 089 29168157 E-mail: &#x6d;&#97;&#105;l&#x40;&#x64;&#105;e&#x74;&#x65;&#114;be&#x74;&#122;&#46;d&#x65; VAT ID Sales tax identification number according to Sect. 27 a of the Sales Tax Law: DE167391158 Person responsible for editorial Dieter Betz \u2013 MASSATELIER <a class=\"moretag\" href=\"https:\/\/dieterbetz.de\/en\/legal-details\">read more...<\/a>","protected":false},"author":4,"featured_media":0,"parent":0,"menu_order":0,"comment_status":"closed","ping_status":"closed","template":"","meta":{"_acf_changed":false,"footnotes":""},"class_list":["post-1303","page","type-page","status-publish","hentry"],"acf":[],"yoast_head":"<!-- This site is optimized with the Yoast SEO plugin v27.4 - https:\/\/yoast.com\/product\/yoast-seo-wordpress\/ -->\n<title>LEGAL DETAILS - Dieter Betz \u2013 Massatelier M\u00fcnchen<\/title>\n<meta name=\"robots\" content=\"index, follow, max-snippet:-1, max-image-preview:large, max-video-preview:-1\" \/>\n<link rel=\"canonical\" href=\"https:\/\/dieterbetz.de\/en\/legal-details\" \/>\n<meta property=\"og:locale\" content=\"en_US\" \/>\n<meta property=\"og:type\" content=\"article\" \/>\n<meta property=\"og:title\" content=\"LEGAL DETAILS - Dieter Betz \u2013 Massatelier M\u00fcnchen\" \/>\n<meta property=\"og:url\" content=\"https:\/\/dieterbetz.de\/en\/legal-details\" \/>\n<meta property=\"og:site_name\" content=\"Dieter Betz \u2013 Massatelier M\u00fcnchen\" \/>\n<meta property=\"article:modified_time\" content=\"2024-08-12T17:15:19+00:00\" \/>\n<meta name=\"twitter:card\" content=\"summary_large_image\" \/>\n<meta name=\"twitter:label1\" content=\"Est. reading time\" \/>\n\t<meta name=\"twitter:data1\" content=\"1 minute\" \/>\n<script type=\"application\/ld+json\" class=\"yoast-schema-graph\">{\"@context\":\"https:\\\/\\\/schema.org\",\"@graph\":[{\"@type\":\"WebPage\",\"@id\":\"https:\\\/\\\/dieterbetz.de\\\/en\\\/legal-details\",\"url\":\"https:\\\/\\\/dieterbetz.de\\\/en\\\/legal-details\",\"name\":\"LEGAL DETAILS - Dieter Betz \u2013 Massatelier M\u00fcnchen\",\"isPartOf\":{\"@id\":\"https:\\\/\\\/dieterbetz.de\\\/#website\"},\"datePublished\":\"2013-08-21T13:55:44+00:00\",\"dateModified\":\"2024-08-12T17:15:19+00:00\",\"breadcrumb\":{\"@id\":\"https:\\\/\\\/dieterbetz.de\\\/en\\\/legal-details#breadcrumb\"},\"inLanguage\":\"en-US\",\"potentialAction\":[{\"@type\":\"ReadAction\",\"target\":[\"https:\\\/\\\/dieterbetz.de\\\/en\\\/legal-details\"]}]},{\"@type\":\"BreadcrumbList\",\"@id\":\"https:\\\/\\\/dieterbetz.de\\\/en\\\/legal-details#breadcrumb\",\"itemListElement\":[{\"@type\":\"ListItem\",\"position\":1,\"name\":\"Startseite\",\"item\":\"https:\\\/\\\/dieterbetz.de\\\/en\"},{\"@type\":\"ListItem\",\"position\":2,\"name\":\"LEGAL DETAILS\"}]},{\"@type\":\"WebSite\",\"@id\":\"https:\\\/\\\/dieterbetz.de\\\/#website\",\"url\":\"https:\\\/\\\/dieterbetz.de\\\/\",\"name\":\"Dieter Betz \u2013 Massatelier M\u00fcnchen\",\"description\":\"\",\"potentialAction\":[{\"@type\":\"SearchAction\",\"target\":{\"@type\":\"EntryPoint\",\"urlTemplate\":\"https:\\\/\\\/dieterbetz.de\\\/?s={search_term_string}\"},\"query-input\":{\"@type\":\"PropertyValueSpecification\",\"valueRequired\":true,\"valueName\":\"search_term_string\"}}],\"inLanguage\":\"en-US\"}]}<\/script>\n<!-- \/ Yoast SEO plugin. -->","yoast_head_json":{"title":"LEGAL DETAILS - Dieter Betz \u2013 Massatelier M\u00fcnchen","robots":{"index":"index","follow":"follow","max-snippet":"max-snippet:-1","max-image-preview":"max-image-preview:large","max-video-preview":"max-video-preview:-1"},"canonical":"https:\/\/dieterbetz.de\/en\/legal-details","og_locale":"en_US","og_type":"article","og_title":"LEGAL DETAILS - Dieter Betz \u2013 Massatelier M\u00fcnchen","og_url":"https:\/\/dieterbetz.de\/en\/legal-details","og_site_name":"Dieter Betz \u2013 Massatelier M\u00fcnchen","article_modified_time":"2024-08-12T17:15:19+00:00","twitter_card":"summary_large_image","twitter_misc":{"Est. reading time":"1 minute"},"schema":{"@context":"https:\/\/schema.org","@graph":[{"@type":"WebPage","@id":"https:\/\/dieterbetz.de\/en\/legal-details","url":"https:\/\/dieterbetz.de\/en\/legal-details","name":"LEGAL DETAILS - Dieter Betz \u2013 Massatelier M\u00fcnchen","isPartOf":{"@id":"https:\/\/dieterbetz.de\/#website"},"datePublished":"2013-08-21T13:55:44+00:00","dateModified":"2024-08-12T17:15:19+00:00","breadcrumb":{"@id":"https:\/\/dieterbetz.de\/en\/legal-details#breadcrumb"},"inLanguage":"en-US","potentialAction":[{"@type":"ReadAction","target":["https:\/\/dieterbetz.de\/en\/legal-details"]}]},{"@type":"BreadcrumbList","@id":"https:\/\/dieterbetz.de\/en\/legal-details#breadcrumb","itemListElement":[{"@type":"ListItem","position":1,"name":"Startseite","item":"https:\/\/dieterbetz.de\/en"},{"@type":"ListItem","position":2,"name":"LEGAL DETAILS"}]},{"@type":"WebSite","@id":"https:\/\/dieterbetz.de\/#website","url":"https:\/\/dieterbetz.de\/","name":"Dieter Betz \u2013 Massatelier M\u00fcnchen","description":"","potentialAction":[{"@type":"SearchAction","target":{"@type":"EntryPoint","urlTemplate":"https:\/\/dieterbetz.de\/?s={search_term_string}"},"query-input":{"@type":"PropertyValueSpecification","valueRequired":true,"valueName":"search_term_string"}}],"inLanguage":"en-US"}]}},"_links":{"self":[{"href":"https:\/\/dieterbetz.de\/en\/wp-json\/wp\/v2\/pages\/1303","targetHints":{"allow":["GET"]}}],"collection":[{"href":"https:\/\/dieterbetz.de\/en\/wp-json\/wp\/v2\/pages"}],"about":[{"href":"https:\/\/dieterbetz.de\/en\/wp-json\/wp\/v2\/types\/page"}],"author":[{"embeddable":true,"href":"https:\/\/dieterbetz.de\/en\/wp-json\/wp\/v2\/users\/4"}],"replies":[{"embeddable":true,"href":"https:\/\/dieterbetz.de\/en\/wp-json\/wp\/v2\/comments?post=1303"}],"version-history":[{"count":9,"href":"https:\/\/dieterbetz.de\/en\/wp-json\/wp\/v2\/pages\/1303\/revisions"}],"predecessor-version":[{"id":4987,"href":"https:\/\/dieterbetz.de\/en\/wp-json\/wp\/v2\/pages\/1303\/revisions\/4987"}],"wp:attachment":[{"href":"https:\/\/dieterbetz.de\/en\/wp-json\/wp\/v2\/media?parent=1303"}],"curies":[{"name":"wp","href":"https:\/\/api.w.org\/{rel}","templated":true}]}}